{"id":10480,"date":"2025-08-08T08:00:19","date_gmt":"2025-08-08T11:00:19","guid":{"rendered":"https:\/\/infomacrio.com.br\/index.php\/produto\/splitter-fibra-nua-1x2-s-conector\/"},"modified":"2026-04-01T12:40:43","modified_gmt":"2026-04-01T15:40:43","slug":"splitter-fibra-nua-1x2-s-conector","status":"publish","type":"product","link":"https:\/\/infomacrio.com.br\/index.php\/produto\/splitter-fibra-nua-1x2-s-conector\/","title":{"rendered":"SPLITTER FIBRA NUA 1X2 S\/ CONECTOR"},"content":{"rendered":"<p>O splitter \u00f3ptico \u00e9 um componente passivo utilizado para realizar a divis\u00e3o do sinal \u00f3ptico em uma rede de distribui\u00e7\u00e3o PON. Com baixa perda de inser\u00e7\u00e3o e alta confiabilidade \u00e9 ideal para atuar nos comprimentos de onda de 1.260 a 1.650 nm. Conta com fibras de baixa sensibilidade a curvatura (G.657A) e \u00e9 ideal para sistemas FTTH, redes HFC e comunica\u00e7\u00e3o de dados. Splitter \u00d3ptico desenvolvido com tecnologia FBT (Fused Biconical Taper.<\/p>\n","protected":false},"excerpt":{"rendered":"<p>SPLITTER FIBRA NUA 1X2 S\/ CONECTOR<\/p>\n","protected":false},"featured_media":10605,"template":"","meta":{"om_disable_all_campaigns":false,"_monsterinsights_skip_tracking":false,"_monsterinsights_sitenote_active":false,"_monsterinsights_sitenote_note":"","_monsterinsights_sitenote_category":0},"product_brand":[],"product_cat":[323,301,322],"product_tag":[],"class_list":{"0":"post-10480","1":"product","2":"type-product","3":"status-publish","4":"has-post-thumbnail","6":"product_cat-balanceado","7":"product_cat-fibra-optica","8":"product_cat-splitter-optico","9":"thunk-woo-product-list","10":"big-store-woo-hover-zoom","11":"open-single-product-tab-horizontal","12":"open-shadow-","13":"open-shadow-hover-","15":"first","16":"instock","17":"sale","18":"shipping-taxable","19":"purchasable","20":"product-type-simple"},"aioseo_notices":[],"_links":{"self":[{"href":"https:\/\/infomacrio.com.br\/index.php\/wp-json\/wp\/v2\/product\/10480","targetHints":{"allow":["GET"]}}],"collection":[{"href":"https:\/\/infomacrio.com.br\/index.php\/wp-json\/wp\/v2\/product"}],"about":[{"href":"https:\/\/infomacrio.com.br\/index.php\/wp-json\/wp\/v2\/types\/product"}],"wp:featuredmedia":[{"embeddable":true,"href":"https:\/\/infomacrio.com.br\/index.php\/wp-json\/wp\/v2\/media\/10605"}],"wp:attachment":[{"href":"https:\/\/infomacrio.com.br\/index.php\/wp-json\/wp\/v2\/media?parent=10480"}],"wp:term":[{"taxonomy":"product_brand","embeddable":true,"href":"https:\/\/infomacrio.com.br\/index.php\/wp-json\/wp\/v2\/product_brand?post=10480"},{"taxonomy":"product_cat","embeddable":true,"href":"https:\/\/infomacrio.com.br\/index.php\/wp-json\/wp\/v2\/product_cat?post=10480"},{"taxonomy":"product_tag","embeddable":true,"href":"https:\/\/infomacrio.com.br\/index.php\/wp-json\/wp\/v2\/product_tag?post=10480"}],"curies":[{"name":"wp","href":"https:\/\/api.w.org\/{rel}","templated":true}]}}