{"id":10202,"date":"2025-06-13T16:41:58","date_gmt":"2025-06-13T19:41:58","guid":{"rendered":"https:\/\/infomacrio.com.br\/?post_type=product&#038;p=10202"},"modified":"2025-07-11T11:56:35","modified_gmt":"2025-07-11T14:56:35","slug":"macarico-portatil-c-controle-de-chama","status":"publish","type":"product","link":"https:\/\/infomacrio.com.br\/index.php\/produto\/macarico-portatil-c-controle-de-chama\/","title":{"rendered":"MA\u00c7ARICO PORT\u00c1TIL C\/ CONTROLE DE CHAMA"},"content":{"rendered":"<p data-start=\"54\" data-end=\"81\"><strong data-start=\"54\" data-end=\"81\">Ma\u00e7arico Port\u00e1til<\/strong><\/p>\n<p data-start=\"83\" data-end=\"155\">Ferramenta pr\u00e1tica e vers\u00e1til, ideal para uso profissional ou dom\u00e9stico.<\/p>\n<p data-start=\"157\" data-end=\"172\"><strong data-start=\"157\" data-end=\"172\">Aplica\u00e7\u00f5es:<\/strong><\/p>\n<ul data-start=\"173\" data-end=\"329\">\n<li data-start=\"173\" data-end=\"209\">\n<p data-start=\"175\" data-end=\"209\">Soldagem de pequenos componentes<\/p>\n<\/li>\n<li data-start=\"210\" data-end=\"243\">\n<p data-start=\"212\" data-end=\"243\">Termocontr\u00e1til e fibra \u00f3ptica<\/p>\n<\/li>\n<li data-start=\"244\" data-end=\"290\">\n<p data-start=\"246\" data-end=\"290\">Acendimento de churrasqueiras e fogareiros<\/p>\n<\/li>\n<li data-start=\"291\" data-end=\"329\">\n<p data-start=\"293\" data-end=\"329\">Uso culin\u00e1rio (flambar, caramelizar)<\/p>\n<\/li>\n<\/ul>\n<p data-start=\"331\" data-end=\"345\"><strong data-start=\"331\" data-end=\"345\">Destaques:<\/strong><\/p>\n<ul data-start=\"346\" data-end=\"485\">\n<li data-start=\"346\" data-end=\"388\">\n<p data-start=\"348\" data-end=\"388\">Acendimento autom\u00e1tico (piezoel\u00e9trico)<\/p>\n<\/li>\n<li data-start=\"389\" data-end=\"420\">\n<p data-start=\"391\" data-end=\"420\">Chama ajust\u00e1vel at\u00e9 1.300\u00b0C<\/p>\n<\/li>\n<li data-start=\"421\" data-end=\"448\">\n<p data-start=\"423\" data-end=\"448\">Funciona com g\u00e1s butano<\/p>\n<\/li>\n<li data-start=\"449\" data-end=\"485\">\n<p data-start=\"451\" data-end=\"485\">Leve, compacto e f\u00e1cil de manusear<\/p>\n<\/li>\n<\/ul>\n","protected":false},"excerpt":{"rendered":"<p>MA\u00c7ARICO PORT\u00c1TIL C\/ CONTROLE DE CHAMA<\/p>\n","protected":false},"featured_media":10203,"template":"","meta":{"om_disable_all_campaigns":false,"_monsterinsights_skip_tracking":false,"_monsterinsights_sitenote_active":false,"_monsterinsights_sitenote_note":"","_monsterinsights_sitenote_category":0},"product_brand":[],"product_cat":[313,408,348],"product_tag":[],"class_list":{"0":"post-10202","1":"product","2":"type-product","3":"status-publish","4":"has-post-thumbnail","6":"product_cat-ferramentas","7":"product_cat-para-diversos","8":"product_cat-para-fibra-optica","9":"thunk-woo-product-list","10":"big-store-woo-hover-zoom","11":"open-single-product-tab-horizontal","12":"open-shadow-","13":"open-shadow-hover-","15":"first","16":"instock","17":"sale","18":"shipping-taxable","19":"purchasable","20":"product-type-simple"},"aioseo_notices":[],"_links":{"self":[{"href":"https:\/\/infomacrio.com.br\/index.php\/wp-json\/wp\/v2\/product\/10202","targetHints":{"allow":["GET"]}}],"collection":[{"href":"https:\/\/infomacrio.com.br\/index.php\/wp-json\/wp\/v2\/product"}],"about":[{"href":"https:\/\/infomacrio.com.br\/index.php\/wp-json\/wp\/v2\/types\/product"}],"wp:featuredmedia":[{"embeddable":true,"href":"https:\/\/infomacrio.com.br\/index.php\/wp-json\/wp\/v2\/media\/10203"}],"wp:attachment":[{"href":"https:\/\/infomacrio.com.br\/index.php\/wp-json\/wp\/v2\/media?parent=10202"}],"wp:term":[{"taxonomy":"product_brand","embeddable":true,"href":"https:\/\/infomacrio.com.br\/index.php\/wp-json\/wp\/v2\/product_brand?post=10202"},{"taxonomy":"product_cat","embeddable":true,"href":"https:\/\/infomacrio.com.br\/index.php\/wp-json\/wp\/v2\/product_cat?post=10202"},{"taxonomy":"product_tag","embeddable":true,"href":"https:\/\/infomacrio.com.br\/index.php\/wp-json\/wp\/v2\/product_tag?post=10202"}],"curies":[{"name":"wp","href":"https:\/\/api.w.org\/{rel}","templated":true}]}}