{"id":10191,"date":"2025-06-13T12:22:24","date_gmt":"2025-06-13T15:22:24","guid":{"rendered":"https:\/\/infomacrio.com.br\/?post_type=product&#038;p=10191"},"modified":"2025-06-16T13:45:04","modified_gmt":"2025-06-16T16:45:04","slug":"teclado-mecanico-ninja-leap-preto","status":"publish","type":"product","link":"https:\/\/infomacrio.com.br\/index.php\/produto\/teclado-mecanico-ninja-leap-preto\/","title":{"rendered":"TECLADO MEC\u00c2NICO NINJA LEAP PRETO"},"content":{"rendered":"<p>Switch: Mec\u00e2nico tipo Blue (n\u00e3o remov\u00edvel), oferece feedback t\u00e1til e sonoro, ideal para digita\u00e7\u00e3o e jogos.<\/p>\n<p>Layout: ABNT2 (padr\u00e3o brasileiro) com 102 teclas, incluindo &#8220;\u00e7&#8221; e acentos.<\/p>\n<p>Ilumina\u00e7\u00e3o: RGB \u201cRainbow\u201d com 12 modos de ilumina\u00e7\u00e3o.<\/p>\n<p>Anti-Ghosting: Suporta at\u00e9 25 teclas pressionadas simultaneamente.<\/p>\n<p>&nbsp;<\/p>\n<p>CONSTRU\u00c7\u00c3O:<\/p>\n<p>Cor: Preto<\/p>\n<p>Cabo USB 2.0 de aproximadamente 1,5\u202fm (em PVC).<\/p>\n<p>Dimens\u00f5es: Aproximadamente 435 \u00d7 130 \u00d7 34\u202fmm.<\/p>\n<p>Consumo el\u00e9trico: 5\u202fV, consumo abaixo de 250\u202fmA.<\/p>\n<p>Durabilidade: Vida \u00fatil de mais de 50 milh\u00f5es de cliques.<\/p>\n<p>Temperatura de opera\u00e7\u00e3o: Entre 0\u202f\u00b0C e 45\u202f\u00b0C.<\/p>\n","protected":false},"excerpt":{"rendered":"<p>TECLADO MEC\u00c2NICO NINJA LEAP PRETO<\/p>\n","protected":false},"featured_media":10193,"template":"","meta":{"om_disable_all_campaigns":false,"_monsterinsights_skip_tracking":false,"_monsterinsights_sitenote_active":false,"_monsterinsights_sitenote_note":"","_monsterinsights_sitenote_category":0},"product_brand":[],"product_cat":[427],"product_tag":[],"class_list":{"0":"post-10191","1":"product","2":"type-product","3":"status-publish","4":"has-post-thumbnail","6":"product_cat-teclado","7":"thunk-woo-product-list","8":"big-store-woo-hover-zoom","9":"open-single-product-tab-horizontal","10":"open-shadow-","11":"open-shadow-hover-","13":"first","14":"instock","15":"sale","16":"shipping-taxable","17":"purchasable","18":"product-type-simple"},"aioseo_notices":[],"_links":{"self":[{"href":"https:\/\/infomacrio.com.br\/index.php\/wp-json\/wp\/v2\/product\/10191","targetHints":{"allow":["GET"]}}],"collection":[{"href":"https:\/\/infomacrio.com.br\/index.php\/wp-json\/wp\/v2\/product"}],"about":[{"href":"https:\/\/infomacrio.com.br\/index.php\/wp-json\/wp\/v2\/types\/product"}],"wp:featuredmedia":[{"embeddable":true,"href":"https:\/\/infomacrio.com.br\/index.php\/wp-json\/wp\/v2\/media\/10193"}],"wp:attachment":[{"href":"https:\/\/infomacrio.com.br\/index.php\/wp-json\/wp\/v2\/media?parent=10191"}],"wp:term":[{"taxonomy":"product_brand","embeddable":true,"href":"https:\/\/infomacrio.com.br\/index.php\/wp-json\/wp\/v2\/product_brand?post=10191"},{"taxonomy":"product_cat","embeddable":true,"href":"https:\/\/infomacrio.com.br\/index.php\/wp-json\/wp\/v2\/product_cat?post=10191"},{"taxonomy":"product_tag","embeddable":true,"href":"https:\/\/infomacrio.com.br\/index.php\/wp-json\/wp\/v2\/product_tag?post=10191"}],"curies":[{"name":"wp","href":"https:\/\/api.w.org\/{rel}","templated":true}]}}