{"id":10135,"date":"2025-05-30T11:13:33","date_gmt":"2025-05-30T14:13:33","guid":{"rendered":"https:\/\/infomacrio.com.br\/?post_type=product&#038;p=10135"},"modified":"2025-07-02T11:34:14","modified_gmt":"2025-07-02T14:34:14","slug":"maquina-de-cintar-poste-fusimec-catraca","status":"publish","type":"product","link":"https:\/\/infomacrio.com.br\/index.php\/produto\/maquina-de-cintar-poste-fusimec-catraca\/","title":{"rendered":"M\u00c1QUINA DE CINTAR POSTE FUSIMEC CATRACA"},"content":{"rendered":"<p>Ferramenta \u201cprofissional para cintamento com fitas de a\u00e7o ou nylon de 3\/8\u201d a 1\u201d. Fabricada em liga de a\u00e7o cromo, \u00e9 mais leve, resistente e ergon\u00f4mica, aumentando a produtividade em campo.<\/p>\n<p>CARACTER\u00cdSTICAS:<br \/>\n&#8211; Corpo em liga de a\u00e7o cromo: Mais leve e resistente que os modelos em ferro fundido;<br \/>\n&#8211; Catraca de alta press\u00e3o: Facilita o aperto com menos esfor\u00e7o do operador;<br \/>\n&#8211; Cabo anat\u00f4mico injetado: Ader\u00eancia segura e confort\u00e1vel para uso prolongado;<br \/>\n&#8211; L\u00e2mina de alto rendimento: Milhares de cortes com precis\u00e3o e durabilidade;<br \/>\n&#8211; Ideal para telecom e sinaliza\u00e7\u00e3o: Fixa\u00e7\u00e3o segura em postes e estruturas met\u00e1licas.<\/p>\n<p>DADOS T\u00c9CNICAS:<br \/>\n&#8211; Aplica\u00e7\u00e3o: Fitas de 9,5 a 25,4 mm (largura) e 0,5 a 0,8 mm (espessura);<br \/>\n&#8211; Material: Liga de a\u00e7o cromo com acabamento cromado;<br \/>\n&#8211; Cabo: Anat\u00f4mico, injetado antideslizante;<br \/>\n&#8211; L\u00e2mina e corpo: Temperados;<br \/>\n&#8211; Peso: Leve, ideal para uso cont\u00ednuo em campo;<br \/>\n&#8211; Indicado para: Suportes em postes, placas, redes de telecom.<\/p>\n","protected":false},"excerpt":{"rendered":"<p>M\u00c1QUINA DE CINTAR POSTE FUSIMEC CATRACA<\/p>\n","protected":false},"featured_media":10136,"template":"","meta":{"om_disable_all_campaigns":false,"_monsterinsights_skip_tracking":false,"_monsterinsights_sitenote_active":false,"_monsterinsights_sitenote_note":"","_monsterinsights_sitenote_category":0},"product_brand":[],"product_cat":[313,408],"product_tag":[],"class_list":{"0":"post-10135","1":"product","2":"type-product","3":"status-publish","4":"has-post-thumbnail","6":"product_cat-ferramentas","7":"product_cat-para-diversos","8":"thunk-woo-product-list","9":"big-store-woo-hover-zoom","10":"open-single-product-tab-horizontal","11":"open-shadow-","12":"open-shadow-hover-","14":"first","15":"instock","16":"sale","17":"shipping-taxable","18":"purchasable","19":"product-type-simple"},"aioseo_notices":[],"_links":{"self":[{"href":"https:\/\/infomacrio.com.br\/index.php\/wp-json\/wp\/v2\/product\/10135","targetHints":{"allow":["GET"]}}],"collection":[{"href":"https:\/\/infomacrio.com.br\/index.php\/wp-json\/wp\/v2\/product"}],"about":[{"href":"https:\/\/infomacrio.com.br\/index.php\/wp-json\/wp\/v2\/types\/product"}],"wp:featuredmedia":[{"embeddable":true,"href":"https:\/\/infomacrio.com.br\/index.php\/wp-json\/wp\/v2\/media\/10136"}],"wp:attachment":[{"href":"https:\/\/infomacrio.com.br\/index.php\/wp-json\/wp\/v2\/media?parent=10135"}],"wp:term":[{"taxonomy":"product_brand","embeddable":true,"href":"https:\/\/infomacrio.com.br\/index.php\/wp-json\/wp\/v2\/product_brand?post=10135"},{"taxonomy":"product_cat","embeddable":true,"href":"https:\/\/infomacrio.com.br\/index.php\/wp-json\/wp\/v2\/product_cat?post=10135"},{"taxonomy":"product_tag","embeddable":true,"href":"https:\/\/infomacrio.com.br\/index.php\/wp-json\/wp\/v2\/product_tag?post=10135"}],"curies":[{"name":"wp","href":"https:\/\/api.w.org\/{rel}","templated":true}]}}