{"id":10102,"date":"2025-05-16T10:55:24","date_gmt":"2025-05-16T13:55:24","guid":{"rendered":"https:\/\/infomacrio.com.br\/?post_type=product&#038;p=10102"},"modified":"2025-07-24T12:08:24","modified_gmt":"2025-07-24T15:08:24","slug":"gbic-v-sol-gpon-sfp-c","status":"publish","type":"product","link":"https:\/\/infomacrio.com.br\/index.php\/produto\/gbic-v-sol-gpon-sfp-c\/","title":{"rendered":"GBIC V-SOL GPON SFP C++++"},"content":{"rendered":"<p>Pot\u00eancia de 8~9dBm<\/p>\n<p>Compat\u00edveis com os modelos V1600G1, V1600G1-B<\/p>\n<p>O M\u00d3DULO GPON GBIC SFP C++++ \u00e9 de simples instala\u00e7\u00e3o e n\u00e3o exige configura\u00e7\u00e3o, \u00e9 s\u00f3 conectar e come\u00e7ar a usar, contemplando a tecnologia Hot Swap, voc\u00ea pode inserir e remover os m\u00f3dulos com a OLT em funcionamento.<\/p>\n<p>Oferece alta velocidade de tr\u00e1fego de 2,5 Gbps no sentido downstream e 1,25 no sentido upstream, para tr\u00e1fego das informa\u00e7\u00f5es dos clientes, possibilitando uma expans\u00e3o de redes que oferece alta velocidade e perfeito para redes \u00f3pticas com dist\u00e2ncias de at\u00e9 20KM com pot\u00eancia na faixa de 8 ~ 9dBm.<\/p>\n","protected":false},"excerpt":{"rendered":"<p>GBIC V-SOL GPON SFP C++++<\/p>\n","protected":false},"featured_media":10120,"template":"","meta":{"om_disable_all_campaigns":false,"_monsterinsights_skip_tracking":false,"_monsterinsights_sitenote_active":false,"_monsterinsights_sitenote_note":"","_monsterinsights_sitenote_category":0},"product_brand":[],"product_cat":[328],"product_tag":[],"class_list":{"0":"post-10102","1":"product","2":"type-product","3":"status-publish","4":"has-post-thumbnail","6":"product_cat-cabo-dac","7":"thunk-woo-product-list","8":"big-store-woo-hover-zoom","9":"open-single-product-tab-horizontal","10":"open-shadow-","11":"open-shadow-hover-","13":"first","14":"instock","15":"sale","16":"shipping-taxable","17":"purchasable","18":"product-type-simple"},"aioseo_notices":[],"_links":{"self":[{"href":"https:\/\/infomacrio.com.br\/index.php\/wp-json\/wp\/v2\/product\/10102","targetHints":{"allow":["GET"]}}],"collection":[{"href":"https:\/\/infomacrio.com.br\/index.php\/wp-json\/wp\/v2\/product"}],"about":[{"href":"https:\/\/infomacrio.com.br\/index.php\/wp-json\/wp\/v2\/types\/product"}],"wp:featuredmedia":[{"embeddable":true,"href":"https:\/\/infomacrio.com.br\/index.php\/wp-json\/wp\/v2\/media\/10120"}],"wp:attachment":[{"href":"https:\/\/infomacrio.com.br\/index.php\/wp-json\/wp\/v2\/media?parent=10102"}],"wp:term":[{"taxonomy":"product_brand","embeddable":true,"href":"https:\/\/infomacrio.com.br\/index.php\/wp-json\/wp\/v2\/product_brand?post=10102"},{"taxonomy":"product_cat","embeddable":true,"href":"https:\/\/infomacrio.com.br\/index.php\/wp-json\/wp\/v2\/product_cat?post=10102"},{"taxonomy":"product_tag","embeddable":true,"href":"https:\/\/infomacrio.com.br\/index.php\/wp-json\/wp\/v2\/product_tag?post=10102"}],"curies":[{"name":"wp","href":"https:\/\/api.w.org\/{rel}","templated":true}]}}