{"id":10076,"date":"2025-03-18T16:54:58","date_gmt":"2025-03-18T19:54:58","guid":{"rendered":"https:\/\/infomacrio.com.br\/index.php\/produto\/kit-teclado-e-mouse-sem-fio-logitech-mk270\/"},"modified":"2026-02-27T13:12:53","modified_gmt":"2026-02-27T16:12:53","slug":"kit-teclado-e-mouse-sem-fio-logitech-mk270","status":"publish","type":"product","link":"https:\/\/infomacrio.com.br\/index.php\/produto\/kit-teclado-e-mouse-sem-fio-logitech-mk270\/","title":{"rendered":"KIT TECLADO E MOUSE SEM FIO LOGITECH MK270"},"content":{"rendered":"<p>Caracteristicas:<\/p>\n<p>O receptor de sinal USB est\u00e1 localizado dentro da caixa do produto.<\/p>\n<p>Vida \u00fatil duradoura das pilhaspasse meses sem trocar as pilhas. O bot\u00e3o de ligar\/desligar ajuda a conservar a bateria.<\/p>\n<p>Sem-fio avan\u00e7ado de 2.4 Ghz. Trabalhe ou entretenha-se em muito mais lugares. A conex\u00e3o sem fio praticamente elimina atrasos, quedas e interfer\u00eancias, e oferece um alcance de at\u00e9 dez metros.<\/p>\n<p>Mouse compacto e leve, confort\u00e1vel e \u00e9 perfeito para ser carregado na bolsa de seu computador.<\/p>\n<p>Dura\u00e7\u00e3o prolongada das pilhas, com vida \u00fatil das pilhas de 36 meses no teclado e 12 meses no mouse \u2014 al\u00e9m de interruptores para ligar\/desligar \u2014 voc\u00ea n\u00e3o ter\u00e1 de se preocupar com a troca de pilhas durante meses.<\/p>\n<p>Oito teclas de atalho com o toque de um bot\u00e3o, acesse a filmes, m\u00fasicas, internet, e-mail, reproduzir\u00a0 altos volumes, e muito mais.<\/p>\n","protected":false},"excerpt":{"rendered":"<p>KIT TECLADO E MOUSE SEM FIO LOGITECH MK270<\/p>\n","protected":false},"featured_media":10085,"template":"","meta":{"om_disable_all_campaigns":false,"_monsterinsights_skip_tracking":false,"_monsterinsights_sitenote_active":false,"_monsterinsights_sitenote_note":"","_monsterinsights_sitenote_category":0},"product_brand":[],"product_cat":[296,387,384],"product_tag":[],"class_list":{"0":"post-10076","1":"product","2":"type-product","3":"status-publish","4":"has-post-thumbnail","6":"product_cat-informatica","7":"product_cat-kit-teclado-e-mouse","8":"product_cat-perifericos","9":"thunk-woo-product-list","10":"big-store-woo-hover-zoom","11":"open-single-product-tab-horizontal","12":"open-shadow-","13":"open-shadow-hover-","15":"first","16":"instock","17":"sale","18":"shipping-taxable","19":"purchasable","20":"product-type-simple"},"aioseo_notices":[],"_links":{"self":[{"href":"https:\/\/infomacrio.com.br\/index.php\/wp-json\/wp\/v2\/product\/10076","targetHints":{"allow":["GET"]}}],"collection":[{"href":"https:\/\/infomacrio.com.br\/index.php\/wp-json\/wp\/v2\/product"}],"about":[{"href":"https:\/\/infomacrio.com.br\/index.php\/wp-json\/wp\/v2\/types\/product"}],"wp:featuredmedia":[{"embeddable":true,"href":"https:\/\/infomacrio.com.br\/index.php\/wp-json\/wp\/v2\/media\/10085"}],"wp:attachment":[{"href":"https:\/\/infomacrio.com.br\/index.php\/wp-json\/wp\/v2\/media?parent=10076"}],"wp:term":[{"taxonomy":"product_brand","embeddable":true,"href":"https:\/\/infomacrio.com.br\/index.php\/wp-json\/wp\/v2\/product_brand?post=10076"},{"taxonomy":"product_cat","embeddable":true,"href":"https:\/\/infomacrio.com.br\/index.php\/wp-json\/wp\/v2\/product_cat?post=10076"},{"taxonomy":"product_tag","embeddable":true,"href":"https:\/\/infomacrio.com.br\/index.php\/wp-json\/wp\/v2\/product_tag?post=10076"}],"curies":[{"name":"wp","href":"https:\/\/api.w.org\/{rel}","templated":true}]}}