{"id":10063,"date":"2025-02-25T12:51:08","date_gmt":"2025-02-25T15:51:08","guid":{"rendered":"https:\/\/infomacrio.com.br\/index.php\/produto\/microfone-streamer-de-mesa-rgb-bright-st001\/"},"modified":"2025-11-19T08:51:39","modified_gmt":"2025-11-19T11:51:39","slug":"microfone-streamer-de-mesa-rgb-bright-st001","status":"publish","type":"product","link":"https:\/\/infomacrio.com.br\/index.php\/produto\/microfone-streamer-de-mesa-rgb-bright-st001\/","title":{"rendered":"MICROFONE STREAMER DE MESA RGB BRIGHT ST001"},"content":{"rendered":"<p>Modelo: streamer<br \/>\nO microfone de mesa bright streamer rgb \u00e9 um dispositivo de \u00e1udio projetado para fornecer qualidade de som superior para streamers, podcasters, m\u00fasicos e gamers. Possuindo uma c\u00e1psula de alta qualidade, este microfone fornece grava\u00e7\u00e3o de \u00e1udio clara e n\u00edtida.<\/p>\n<p>Al\u00e9m disso, o microfone possui ilumina\u00e7\u00e3o rgb que \u00e9 personalizada de acordo com o som captado, adicionando um toque de estilo e personalidade \u00e0 sua configura\u00e7\u00e3o de streaming. O microfone tamb\u00e9m vem com um suporte de mesa resistente e ajust\u00e1vel, permitindo que voc\u00ea ajuste facilmente a altura e o \u00e2ngulo do microfone para a posi\u00e7\u00e3o ideal de grava\u00e7\u00e3o.<\/p>\n<p>O microfone de mesa bright streamer rgb se conecta ao seu computador via usb e \u00e9 compat\u00edvel com a maioria dos sistemas operacionais, tornando-o f\u00e1cil de configurar e usar.<\/p>\n<p>Informa\u00e7\u00f5es T\u00e9cnicas<\/p>\n<p>voltagem: 5v dc<br \/>\npeso: 0,350 gr<br \/>\ndimens\u00f5es: (axlxp) 15.4 x 15.8 x 23.1cm<br \/>\ncor: preto<br \/>\nimped\u00e2ncia: &lt; 680 ohms<br \/>\nresposta frequ\u00eancia: 100hz-18000hz<br \/>\ninforma\u00e7\u00e3o adicional:<br \/>\nBase ajust\u00e1vel: 180 graus;<br \/>\nComprimento do cabo: 260 cm;<br \/>\nLuzes: rgb (mudam com o som);<br \/>\nPlug &amp; play sim.<\/p>\n<p>Modelo: ST001<\/p>\n<p>Peso:<\/p>\n<p>460 gramas (bruto com embalagem)<\/p>\n","protected":false},"excerpt":{"rendered":"<p>MICROFONE STREAMER DE MESA RGB BRIGHT ST001<\/p>\n","protected":false},"featured_media":10073,"template":"","meta":{"om_disable_all_campaigns":false,"_monsterinsights_skip_tracking":false,"_monsterinsights_sitenote_active":false,"_monsterinsights_sitenote_note":"","_monsterinsights_sitenote_category":0},"product_brand":[],"product_cat":[296,390,336],"product_tag":[],"class_list":{"0":"post-10063","1":"product","2":"type-product","3":"status-publish","4":"has-post-thumbnail","6":"product_cat-informatica","7":"product_cat-microfone","8":"product_cat-som","9":"thunk-woo-product-list","10":"big-store-woo-hover-zoom","11":"open-single-product-tab-horizontal","12":"open-shadow-","13":"open-shadow-hover-","15":"first","16":"instock","17":"sale","18":"shipping-taxable","19":"purchasable","20":"product-type-simple"},"aioseo_notices":[],"_links":{"self":[{"href":"https:\/\/infomacrio.com.br\/index.php\/wp-json\/wp\/v2\/product\/10063","targetHints":{"allow":["GET"]}}],"collection":[{"href":"https:\/\/infomacrio.com.br\/index.php\/wp-json\/wp\/v2\/product"}],"about":[{"href":"https:\/\/infomacrio.com.br\/index.php\/wp-json\/wp\/v2\/types\/product"}],"wp:featuredmedia":[{"embeddable":true,"href":"https:\/\/infomacrio.com.br\/index.php\/wp-json\/wp\/v2\/media\/10073"}],"wp:attachment":[{"href":"https:\/\/infomacrio.com.br\/index.php\/wp-json\/wp\/v2\/media?parent=10063"}],"wp:term":[{"taxonomy":"product_brand","embeddable":true,"href":"https:\/\/infomacrio.com.br\/index.php\/wp-json\/wp\/v2\/product_brand?post=10063"},{"taxonomy":"product_cat","embeddable":true,"href":"https:\/\/infomacrio.com.br\/index.php\/wp-json\/wp\/v2\/product_cat?post=10063"},{"taxonomy":"product_tag","embeddable":true,"href":"https:\/\/infomacrio.com.br\/index.php\/wp-json\/wp\/v2\/product_tag?post=10063"}],"curies":[{"name":"wp","href":"https:\/\/api.w.org\/{rel}","templated":true}]}}