{"id":10061,"date":"2025-02-25T12:51:07","date_gmt":"2025-02-25T15:51:07","guid":{"rendered":"https:\/\/infomacrio.com.br\/index.php\/produto\/filtro-de-linha-2-tomadas-2-usb-bright-fl001\/"},"modified":"2025-11-26T18:15:46","modified_gmt":"2025-11-26T21:15:46","slug":"filtro-de-linha-2-tomadas-2-usb-bright-fl001","status":"publish","type":"product","link":"https:\/\/infomacrio.com.br\/index.php\/produto\/filtro-de-linha-2-tomadas-2-usb-bright-fl001\/","title":{"rendered":"FILTRO DE LINHA 2 TOMADAS + 2 USB BRIGHT FL001"},"content":{"rendered":"<p>O Filtro de Linha Bright \u00e9 um produto essencial para quem quer praticidade na hora de usar eletrodom\u00e9sticos. Com indicador luminoso de opera\u00e7\u00e3o, 2 tomadas tripulares padr\u00e3o, bivolt e corrente m\u00e1xima de 10A, esse filtro garante um alto desempenho na hora de proteger os aparelhos contra picos de energia.<\/p>\n<ul>\n<li>Filtro de linha EMI\/RFI incorporado<\/li>\n<li>Fus\u00edvel: 10A<\/li>\n<li>Corrente m\u00e1xima: 10A<\/li>\n<li>Tens\u00e3o nominal de entrada 127V\/220V<\/li>\n<li>2 tomadas tripolares padr\u00e3o NBR 14136:2002<\/li>\n<li>Bivolt<\/li>\n<li>Indicador luminoso de opera\u00e7\u00e3o.<\/li>\n<li>Injetado em Pl\u00e1stico PS<\/li>\n<li>Pot\u00eancia M\u00e1xima 115V: 1270 W \/\/ 220V: 2500W<\/li>\n<li>Material: pl\u00e1stico<\/li>\n<\/ul>\n","protected":false},"excerpt":{"rendered":"<p>FILTRO DE LINHA 2 TOMADAS + 2 USB BRIGHT FL001<\/p>\n","protected":false},"featured_media":10068,"template":"","meta":{"om_disable_all_campaigns":false,"_monsterinsights_skip_tracking":false,"_monsterinsights_sitenote_active":false,"_monsterinsights_sitenote_note":"","_monsterinsights_sitenote_category":0},"product_brand":[],"product_cat":[324,372],"product_tag":[],"class_list":{"0":"post-10061","1":"product","2":"type-product","3":"status-publish","4":"has-post-thumbnail","6":"product_cat-energia","7":"product_cat-filtro-de-linha","8":"thunk-woo-product-list","9":"big-store-woo-hover-zoom","10":"open-single-product-tab-horizontal","11":"open-shadow-","12":"open-shadow-hover-","14":"first","15":"instock","16":"sale","17":"shipping-taxable","18":"purchasable","19":"product-type-simple"},"aioseo_notices":[],"_links":{"self":[{"href":"https:\/\/infomacrio.com.br\/index.php\/wp-json\/wp\/v2\/product\/10061","targetHints":{"allow":["GET"]}}],"collection":[{"href":"https:\/\/infomacrio.com.br\/index.php\/wp-json\/wp\/v2\/product"}],"about":[{"href":"https:\/\/infomacrio.com.br\/index.php\/wp-json\/wp\/v2\/types\/product"}],"wp:featuredmedia":[{"embeddable":true,"href":"https:\/\/infomacrio.com.br\/index.php\/wp-json\/wp\/v2\/media\/10068"}],"wp:attachment":[{"href":"https:\/\/infomacrio.com.br\/index.php\/wp-json\/wp\/v2\/media?parent=10061"}],"wp:term":[{"taxonomy":"product_brand","embeddable":true,"href":"https:\/\/infomacrio.com.br\/index.php\/wp-json\/wp\/v2\/product_brand?post=10061"},{"taxonomy":"product_cat","embeddable":true,"href":"https:\/\/infomacrio.com.br\/index.php\/wp-json\/wp\/v2\/product_cat?post=10061"},{"taxonomy":"product_tag","embeddable":true,"href":"https:\/\/infomacrio.com.br\/index.php\/wp-json\/wp\/v2\/product_tag?post=10061"}],"curies":[{"name":"wp","href":"https:\/\/api.w.org\/{rel}","templated":true}]}}