{"id":10059,"date":"2025-02-25T12:51:05","date_gmt":"2025-02-25T15:51:05","guid":{"rendered":"https:\/\/infomacrio.com.br\/index.php\/produto\/cx-som-bluetooth-bright-c03\/"},"modified":"2025-10-07T16:49:40","modified_gmt":"2025-10-07T19:49:40","slug":"cx-som-bluetooth-bright-c03","status":"publish","type":"product","link":"https:\/\/infomacrio.com.br\/index.php\/produto\/cx-som-bluetooth-bright-c03\/","title":{"rendered":"CX SOM BLUETOOTH BRIGHT C03"},"content":{"rendered":"<p>Sem Fio;<\/p>\n<p>Design compacto,\u00a0formato cil\u00edndrico, acompanha al\u00e7as;<\/p>\n<p>Fun\u00e7\u00f5es: Bluetooth 5.0, USB, Micro SD, TF, AUX, Plug &amp; Play, som est\u00e9reo, com controle de volume e atende chamadas;<\/p>\n<p>Pot\u00eancia 6W;<\/p>\n<p>Capacidade da bateria de 1200 mAh;<\/p>\n<p>Imped\u00e2ncia 4\u03a93+3W;<\/p>\n<p>Frequ\u00eancia 100Hz-20KHz;<\/p>\n<p>Sensibilidade \u226585dB;<\/p>\n<p>Alcance de 10m;<\/p>\n<p>Bivolt;<\/p>\n<p>Cabo de 50 cm em PVC.<\/p>\n","protected":false},"excerpt":{"rendered":"<p>CX SOM BLUETOOTH BRIGHT C03<\/p>\n","protected":false},"featured_media":10095,"template":"","meta":{"om_disable_all_campaigns":false,"_monsterinsights_skip_tracking":false,"_monsterinsights_sitenote_active":false,"_monsterinsights_sitenote_note":"","_monsterinsights_sitenote_category":0},"product_brand":[],"product_cat":[337,296,336],"product_tag":[],"class_list":{"0":"post-10059","1":"product","2":"type-product","3":"status-publish","4":"has-post-thumbnail","6":"product_cat-caixa-de-som","7":"product_cat-informatica","8":"product_cat-som","9":"thunk-woo-product-list","10":"big-store-woo-hover-zoom","11":"open-single-product-tab-horizontal","12":"open-shadow-","13":"open-shadow-hover-","15":"first","16":"instock","17":"sale","18":"shipping-taxable","19":"purchasable","20":"product-type-simple"},"aioseo_notices":[],"_links":{"self":[{"href":"https:\/\/infomacrio.com.br\/index.php\/wp-json\/wp\/v2\/product\/10059","targetHints":{"allow":["GET"]}}],"collection":[{"href":"https:\/\/infomacrio.com.br\/index.php\/wp-json\/wp\/v2\/product"}],"about":[{"href":"https:\/\/infomacrio.com.br\/index.php\/wp-json\/wp\/v2\/types\/product"}],"wp:featuredmedia":[{"embeddable":true,"href":"https:\/\/infomacrio.com.br\/index.php\/wp-json\/wp\/v2\/media\/10095"}],"wp:attachment":[{"href":"https:\/\/infomacrio.com.br\/index.php\/wp-json\/wp\/v2\/media?parent=10059"}],"wp:term":[{"taxonomy":"product_brand","embeddable":true,"href":"https:\/\/infomacrio.com.br\/index.php\/wp-json\/wp\/v2\/product_brand?post=10059"},{"taxonomy":"product_cat","embeddable":true,"href":"https:\/\/infomacrio.com.br\/index.php\/wp-json\/wp\/v2\/product_cat?post=10059"},{"taxonomy":"product_tag","embeddable":true,"href":"https:\/\/infomacrio.com.br\/index.php\/wp-json\/wp\/v2\/product_tag?post=10059"}],"curies":[{"name":"wp","href":"https:\/\/api.w.org\/{rel}","templated":true}]}}