{"id":10039,"date":"2025-01-15T16:33:55","date_gmt":"2025-01-15T19:33:55","guid":{"rendered":"https:\/\/infomacrio.com.br\/index.php\/produto\/maquina-de-cintar-poste-fusimec-standard\/"},"modified":"2025-12-02T13:26:24","modified_gmt":"2025-12-02T16:26:24","slug":"maquina-de-cintar-poste-fusimec-standard","status":"publish","type":"product","link":"https:\/\/infomacrio.com.br\/index.php\/produto\/maquina-de-cintar-poste-fusimec-standard\/","title":{"rendered":"M\u00c1QUINA DE CINTAR POSTE FUSIMEC STANDARD"},"content":{"rendered":"<p>Usada para coloca\u00e7\u00e3o de fita inox em postes para medidas de 3\/16&#8221; a 1&#8221;, com 0,6mm de espessura.<\/p>\n<p>Corpo:\u00a0Produzido em Ferro Fundido Nodular galvanizado sem tratamento t\u00e9rmico;<\/p>\n<p>Faca de Corte:\u00a0Produzida em a\u00e7o liga especial temperada e afiada;<\/p>\n<p>Manivela de Tra\u00e7\u00e3o:\u00a0Produzida em Ferro Fundido Nodular;<\/p>\n<p>Fuso de Tra\u00e7\u00e3o:\u00a0Produzido em a\u00e7o galvanizado;<\/p>\n<p>Bloquete de tra\u00e7\u00e3o;\u00a0Produzido em Ferro Fundido Nodular Galvanizado;<\/p>\n<p>Arruela:\u00a0Produzida em A\u00e7o Galvanizado.<\/p>\n","protected":false},"excerpt":{"rendered":"<p>M\u00c1QUINA DE CINTAR POSTE FUSIMEC STANDARD<\/p>\n","protected":false},"featured_media":10040,"template":"","meta":{"om_disable_all_campaigns":false,"_monsterinsights_skip_tracking":false,"_monsterinsights_sitenote_active":false,"_monsterinsights_sitenote_note":"","_monsterinsights_sitenote_category":0},"product_brand":[],"product_cat":[313,408],"product_tag":[],"class_list":{"0":"post-10039","1":"product","2":"type-product","3":"status-publish","4":"has-post-thumbnail","6":"product_cat-ferramentas","7":"product_cat-para-diversos","8":"thunk-woo-product-list","9":"big-store-woo-hover-zoom","10":"open-single-product-tab-horizontal","11":"open-shadow-","12":"open-shadow-hover-","14":"first","15":"instock","16":"sale","17":"shipping-taxable","18":"purchasable","19":"product-type-simple"},"aioseo_notices":[],"_links":{"self":[{"href":"https:\/\/infomacrio.com.br\/index.php\/wp-json\/wp\/v2\/product\/10039","targetHints":{"allow":["GET"]}}],"collection":[{"href":"https:\/\/infomacrio.com.br\/index.php\/wp-json\/wp\/v2\/product"}],"about":[{"href":"https:\/\/infomacrio.com.br\/index.php\/wp-json\/wp\/v2\/types\/product"}],"wp:featuredmedia":[{"embeddable":true,"href":"https:\/\/infomacrio.com.br\/index.php\/wp-json\/wp\/v2\/media\/10040"}],"wp:attachment":[{"href":"https:\/\/infomacrio.com.br\/index.php\/wp-json\/wp\/v2\/media?parent=10039"}],"wp:term":[{"taxonomy":"product_brand","embeddable":true,"href":"https:\/\/infomacrio.com.br\/index.php\/wp-json\/wp\/v2\/product_brand?post=10039"},{"taxonomy":"product_cat","embeddable":true,"href":"https:\/\/infomacrio.com.br\/index.php\/wp-json\/wp\/v2\/product_cat?post=10039"},{"taxonomy":"product_tag","embeddable":true,"href":"https:\/\/infomacrio.com.br\/index.php\/wp-json\/wp\/v2\/product_tag?post=10039"}],"curies":[{"name":"wp","href":"https:\/\/api.w.org\/{rel}","templated":true}]}}