{"id":10021,"date":"2024-12-17T13:45:57","date_gmt":"2024-12-17T16:45:57","guid":{"rendered":"https:\/\/infomacrio.com.br\/index.php\/produto\/impressora-termica-p-recibo-cupom-c3tech-it-100\/"},"modified":"2026-04-13T14:21:11","modified_gmt":"2026-04-13T17:21:11","slug":"impressora-termica-p-recibo-cupom-c3tech-it-100","status":"publish","type":"product","link":"https:\/\/infomacrio.com.br\/index.php\/produto\/impressora-termica-p-recibo-cupom-c3tech-it-100\/","title":{"rendered":"IMPRESSORA TERMICA P\/ RECIBO CUPOM C3TECH IT-100"},"content":{"rendered":"<p>Apresentamos a Impressora Termica para Recibo e Cupom IT-100 da C3Tech, a sua parceira confiavel para simplificar operacoes de impressao no seu negocio. Com uma combinacao de conectividade USB e Ethernet, ela oferece simplicidade e rapidez, ideal para uma ampla gama de empreendimentos, desde o atacado ate o varejo. Com recursos de corte automatico de papel e furos para instalacao na parede, esta impressora e projetada para se adaptar perfeitamente ao seu espaco de trabalho. Sua vida util estendida, juntamente com a compatibilidade com varios codigos 1D e 2D, garantem eficiencia e confiabilidade. Experimente a IT-100 e eleve a experiencia de impressao do seu negocio para o proximo nivel.<\/p>\n<p>CARACTER\u00cdSTICAS GERAIS<\/p>\n<p>USB e Ethernet<br \/>\nSimplicidade e rapidez<br \/>\nCorte autom\u00e1tico de papel<br \/>\nFuros para instala\u00e7\u00e3o na parede<br \/>\nPara impress\u00e3o de cupons e recibos<br \/>\nIdeal para todos os tipos de neg\u00f3cios, atacado e varejo<\/p>\n<p>ESPECIFICA\u00c7\u00d5ES T\u00c9CNICAS<\/p>\n<p>M\u00e9todo de impress\u00e3o: T\u00e9rmico Direto<br \/>\nLargura de papel: 80mm<br \/>\nLargura de impress\u00e3o: 72mm<br \/>\nCorte de papel via guilhotina e serrilha<\/p>\n<p>Interface: USB + LAN<br \/>\nVelocidade de impress\u00e3o: 230mm\/seg<\/p>\n<p>Compat\u00edvel com v\u00e1rios c\u00f3digos 1D e 2D<br \/>\nInput buffer: 128KB<br \/>\nNV Flash: 256KB<\/p>\n<p>Adaptador bivolt AC100-240V<br \/>\nEntrada DC 24V 2,5A<\/p>\n<p>Vida \u00fatil da cabe\u00e7a t\u00e9rmica: 150km<br \/>\nVida \u00fatil da guilhotina: 1.500.000 cortes<br \/>\nTemperatura de opera\u00e7\u00e3o: 0 a 45\u00b0C<br \/>\nTemperatura de armazenamento: -10 a 60\u00b0C<br \/>\nUmidade de opera\u00e7\u00e3o: 10 a 80%<br \/>\nUmidade de armazenamento: 10 a 90%<\/p>\n<p>Sistema ESC\/POS<br \/>\nDriver compat\u00edvel com Windows\/Linux\/Android\/MacOS\/JPOS\/OPOS<br \/>\nUtilit\u00e1rio compat\u00edvel com Windows e Linux<br \/>\nSDK compat\u00edvel com Android\/Windows\/IOS<\/p>\n","protected":false},"excerpt":{"rendered":"<p>IMPRESSORA TERMICA P\/ RECIBO CUPOM C3TECH IT-100<\/p>\n","protected":false},"featured_media":10023,"template":"","meta":{"om_disable_all_campaigns":false,"_monsterinsights_skip_tracking":false,"_monsterinsights_sitenote_active":false,"_monsterinsights_sitenote_note":"","_monsterinsights_sitenote_category":0},"product_brand":[],"product_cat":[345,382,296],"product_tag":[],"class_list":{"0":"post-10021","1":"product","2":"type-product","3":"status-publish","4":"has-post-thumbnail","6":"product_cat-impressora","7":"product_cat-impressoras","8":"product_cat-informatica","9":"thunk-woo-product-list","10":"big-store-woo-hover-zoom","11":"open-single-product-tab-horizontal","12":"open-shadow-","13":"open-shadow-hover-","15":"first","16":"instock","17":"sale","18":"shipping-taxable","19":"purchasable","20":"product-type-simple"},"aioseo_notices":[],"_links":{"self":[{"href":"https:\/\/infomacrio.com.br\/index.php\/wp-json\/wp\/v2\/product\/10021","targetHints":{"allow":["GET"]}}],"collection":[{"href":"https:\/\/infomacrio.com.br\/index.php\/wp-json\/wp\/v2\/product"}],"about":[{"href":"https:\/\/infomacrio.com.br\/index.php\/wp-json\/wp\/v2\/types\/product"}],"wp:featuredmedia":[{"embeddable":true,"href":"https:\/\/infomacrio.com.br\/index.php\/wp-json\/wp\/v2\/media\/10023"}],"wp:attachment":[{"href":"https:\/\/infomacrio.com.br\/index.php\/wp-json\/wp\/v2\/media?parent=10021"}],"wp:term":[{"taxonomy":"product_brand","embeddable":true,"href":"https:\/\/infomacrio.com.br\/index.php\/wp-json\/wp\/v2\/product_brand?post=10021"},{"taxonomy":"product_cat","embeddable":true,"href":"https:\/\/infomacrio.com.br\/index.php\/wp-json\/wp\/v2\/product_cat?post=10021"},{"taxonomy":"product_tag","embeddable":true,"href":"https:\/\/infomacrio.com.br\/index.php\/wp-json\/wp\/v2\/product_tag?post=10021"}],"curies":[{"name":"wp","href":"https:\/\/api.w.org\/{rel}","templated":true}]}}