{"id":10011,"date":"2024-12-09T12:52:35","date_gmt":"2024-12-09T15:52:35","guid":{"rendered":"https:\/\/infomacrio.com.br\/index.php\/produto\/mouse-c3tech-ms-29bk-preto-usb\/"},"modified":"2025-12-30T13:21:17","modified_gmt":"2025-12-30T16:21:17","slug":"mouse-c3tech-ms-29bk-preto-usb","status":"publish","type":"product","link":"https:\/\/infomacrio.com.br\/index.php\/produto\/mouse-c3tech-ms-29bk-preto-usb\/","title":{"rendered":"MOUSE C3TECH MS-29BK PRETO USB"},"content":{"rendered":"<p>Apresentamos o Mouse MS-29 da C3Tech com cabo maior para usu\u00e1rios que valorizam desempenho e simplicidade. Com design ergon\u00f4mico e ambidestro ele \u00e9 compacto e leve, este mouse oferece conforto durante longas horas de uso. O MS-29 atende \u00e0s necessidades essenciais, com cabo de 2 metros revestido de PVC, conex\u00e3o USB e compatibilidade com todos os sistemas operacionais fazem dele a op\u00e7\u00e3o perfeita para uma experi\u00eancia plug-and-play vers\u00e1til, garantindo praticidade e efici\u00eancia no uso.<\/p>\n<p>Dimens\u00e3o: 110*60*40 mm<br \/>\nPeso: 70g<br \/>\nConex\u00e3o: USB1.1 \/ USB 2.0<br \/>\nTipo de Sensor: \u00d3ptico<br \/>\nDPI M\u00e1ximo: 1200<br \/>\nN\u00e3o possui ajuste de DPI<br \/>\nQtde Bot\u00f5es: 3<br \/>\nPossui Scroll<br \/>\nPossui Bot\u00e3o em Scroll<\/p>\n<p>Comprimento de Cabo: 2m<br \/>\nCabo maior que os comuns do mercado, ideal para licita\u00e7\u00f5es<br \/>\nRevestimento de Cabo: PVC<br \/>\nAmbidestro<br \/>\nPlug and Play<\/p>\n","protected":false},"excerpt":{"rendered":"<p>MOUSE C3TECH MS-29BK PRETO USB<\/p>\n","protected":false},"featured_media":10012,"template":"","meta":{"om_disable_all_campaigns":false,"_monsterinsights_skip_tracking":false,"_monsterinsights_sitenote_active":false,"_monsterinsights_sitenote_note":"","_monsterinsights_sitenote_category":0},"product_brand":[],"product_cat":[296,393,384],"product_tag":[],"class_list":{"0":"post-10011","1":"product","2":"type-product","3":"status-publish","4":"has-post-thumbnail","6":"product_cat-informatica","7":"product_cat-mouse","8":"product_cat-perifericos","9":"thunk-woo-product-list","10":"big-store-woo-hover-zoom","11":"open-single-product-tab-horizontal","12":"open-shadow-","13":"open-shadow-hover-","15":"first","16":"instock","17":"sale","18":"shipping-taxable","19":"purchasable","20":"product-type-simple"},"aioseo_notices":[],"_links":{"self":[{"href":"https:\/\/infomacrio.com.br\/index.php\/wp-json\/wp\/v2\/product\/10011","targetHints":{"allow":["GET"]}}],"collection":[{"href":"https:\/\/infomacrio.com.br\/index.php\/wp-json\/wp\/v2\/product"}],"about":[{"href":"https:\/\/infomacrio.com.br\/index.php\/wp-json\/wp\/v2\/types\/product"}],"wp:featuredmedia":[{"embeddable":true,"href":"https:\/\/infomacrio.com.br\/index.php\/wp-json\/wp\/v2\/media\/10012"}],"wp:attachment":[{"href":"https:\/\/infomacrio.com.br\/index.php\/wp-json\/wp\/v2\/media?parent=10011"}],"wp:term":[{"taxonomy":"product_brand","embeddable":true,"href":"https:\/\/infomacrio.com.br\/index.php\/wp-json\/wp\/v2\/product_brand?post=10011"},{"taxonomy":"product_cat","embeddable":true,"href":"https:\/\/infomacrio.com.br\/index.php\/wp-json\/wp\/v2\/product_cat?post=10011"},{"taxonomy":"product_tag","embeddable":true,"href":"https:\/\/infomacrio.com.br\/index.php\/wp-json\/wp\/v2\/product_tag?post=10011"}],"curies":[{"name":"wp","href":"https:\/\/api.w.org\/{rel}","templated":true}]}}