{"id":482,"date":"2021-09-16T02:37:44","date_gmt":"2021-09-16T05:37:44","guid":{"rendered":"http:\/\/infomacrio.com.br\/?page_id=482"},"modified":"2021-09-16T23:22:27","modified_gmt":"2021-09-17T02:22:27","slug":"nossas-lojas","status":"publish","type":"page","link":"https:\/\/infomacrio.com.br\/index.php\/nossas-lojas\/","title":{"rendered":"Nossas Lojas"},"content":{"rendered":"\n<div class=\"wp-block-columns is-layout-flex wp-container-core-columns-is-layout-28f84493 wp-block-columns-is-layout-flex\">\n<div class=\"wp-block-column is-layout-flow wp-block-column-is-layout-flow\">\n<h2 class=\"wp-block-heading\">INFOMAC ITABORA\u00cd<\/h2>\n\n\n\n<p>Avenida 22 de Maio, 7887 &#8211; Venda das Pedras &#8211; Itabora\u00ed &#8211; RJ<\/p>\n\n\n\n<p>De 8:30h \u00e0s 18:00h \u2013 segunda \u00e0 sexta-feira<\/p>\n\n\n\n<p>De 8:30h \u00e0s 13:00h \u2013 s\u00e1bado<\/p>\n\n\n\n<p><\/p>\n\n\n\n<p>_<\/p>\n\n\n\n<h2 class=\"wp-block-heading\">INFOMAC MANILHA <\/h2>\n\n\n\n<p>Rua Francisco Rafael de Barros, 51 &#8211; Loja 12 &#8211; Itabora\u00ed &#8211; RJ<\/p>\n\n\n\n<p>De 8:30h \u00e0s 18:00h \u2013 segunda \u00e0 sexta-feira<\/p>\n\n\n\n<p>De 8:30h \u00e0s 13:00h \u2013 s\u00e1bado<\/p>\n<\/div>\n\n\n\n<div class=\"wp-block-column is-layout-flow wp-block-column-is-layout-flow\"><\/div>\n<\/div>\n","protected":false},"excerpt":{"rendered":"<p>INFOMAC ITABORA\u00cd Avenida 22 de Maio, 7887 &#8211; Venda das Pedras &#8211; Itabora\u00ed &#8211; RJ De 8:30h \u00e0s 18:00h \u2013 segunda \u00e0 sexta-feira De 8:30h \u00e0s 13:00h \u2013 s\u00e1bado _ INFOMAC MANILHA Rua Francisco Rafael de Barros, 51 &#8211; Loja 12 &#8211; Itabora\u00ed &#8211; RJ De 8:30h \u00e0s 18:00h \u2013 segunda \u00e0 sexta-feira De 8:30h &hellip;<\/p>\n<p class=\"read-more\"> <a class=\" thunk-readmore button \" href=\"https:\/\/infomacrio.com.br\/index.php\/nossas-lojas\/\"> <span class=\"screen-reader-text\">Nossas Lojas<\/span>Read More<\/a><\/p>\n","protected":false},"author":1,"featured_media":0,"parent":0,"menu_order":0,"comment_status":"closed","ping_status":"closed","template":"","meta":{"om_disable_all_campaigns":false,"_monsterinsights_skip_tracking":false,"_monsterinsights_sitenote_active":false,"_monsterinsights_sitenote_note":"","_monsterinsights_sitenote_category":0,"footnotes":""},"class_list":["post-482","page","type-page","status-publish","hentry","thunk-woo-product-list","big-store-woo-hover-zoom","open-single-product-tab-horizontal","open-shadow-","open-shadow-hover-"],"aioseo_notices":[],"_links":{"self":[{"href":"https:\/\/infomacrio.com.br\/index.php\/wp-json\/wp\/v2\/pages\/482","targetHints":{"allow":["GET"]}}],"collection":[{"href":"https:\/\/infomacrio.com.br\/index.php\/wp-json\/wp\/v2\/pages"}],"about":[{"href":"https:\/\/infomacrio.com.br\/index.php\/wp-json\/wp\/v2\/types\/page"}],"author":[{"embeddable":true,"href":"https:\/\/infomacrio.com.br\/index.php\/wp-json\/wp\/v2\/users\/1"}],"replies":[{"embeddable":true,"href":"https:\/\/infomacrio.com.br\/index.php\/wp-json\/wp\/v2\/comments?post=482"}],"version-history":[{"count":5,"href":"https:\/\/infomacrio.com.br\/index.php\/wp-json\/wp\/v2\/pages\/482\/revisions"}],"predecessor-version":[{"id":531,"href":"https:\/\/infomacrio.com.br\/index.php\/wp-json\/wp\/v2\/pages\/482\/revisions\/531"}],"wp:attachment":[{"href":"https:\/\/infomacrio.com.br\/index.php\/wp-json\/wp\/v2\/media?parent=482"}],"curies":[{"name":"wp","href":"https:\/\/api.w.org\/{rel}","templated":true}]}}