{"id":481,"date":"2021-09-16T02:37:44","date_gmt":"2021-09-16T05:37:44","guid":{"rendered":"http:\/\/infomacrio.com.br\/?page_id=481"},"modified":"2025-06-10T09:41:22","modified_gmt":"2025-06-10T12:41:22","slug":"quem-somos","status":"publish","type":"page","link":"https:\/\/infomacrio.com.br\/index.php\/quem-somos\/","title":{"rendered":"Quem Somos"},"content":{"rendered":"\n<div class=\"wp-block-columns is-layout-flex wp-container-core-columns-is-layout-28f84493 wp-block-columns-is-layout-flex\">\n<div class=\"wp-block-column is-layout-flow wp-block-column-is-layout-flow\" style=\"flex-basis:66.66%\">\n<p>A <strong>INFOMAC <\/strong>\u00e9 uma empresa de comercializa\u00e7\u00e3o de produtos e presta\u00e7\u00e3o de servi\u00e7os em inform\u00e1tica, equipamentos e suprimentos para redes, fibra \u00f3ptica, network, etc.<\/p>\n\n\n\n<p><strong>DESDE 2007 NO MERCADO, DESEJAMOS APRESENTAR O QUE H\u00c1 DE MAIS NOVO EM TECNOLOGIA, DESTACANDO NOSSOS VALORES<\/strong><\/p>\n\n\n\n<p>Compromisso com atendimento \u00e0s demandas do universo da inform\u00e1tica, mantendo um relacionamento s\u00f3lido com nossos clientes, priorizando a \u00e9tica e a lealdade, na busca de maior competitividade no mercado.<\/p>\n\n\n\n<p><strong>SEGURAN\u00c7A e PARCERIA<\/strong><\/p>\n\n\n\n<p>Garantimos nossos produtos e servi\u00e7os, prezando sempre por bom atendimento p\u00f3s venda.<\/p>\n\n\n\n<p>Assist\u00eancia t\u00e9cnica especializada nos equipamentos. Os clientes s\u00e3o orientados para a solu\u00e7\u00e3o adequada.<\/p>\n\n\n\n<p>Se voc\u00ea busca um fornecedor parceiro de verdade, venha conosco e vamos crescer juntos.<\/p>\n<\/div>\n\n\n\n<div class=\"wp-block-column is-layout-flow wp-block-column-is-layout-flow\" style=\"flex-basis:33.33%\"><\/div>\n<\/div>\n","protected":false},"excerpt":{"rendered":"<p>A INFOMAC \u00e9 uma empresa de comercializa\u00e7\u00e3o de produtos e presta\u00e7\u00e3o de servi\u00e7os em inform\u00e1tica, equipamentos e suprimentos para redes, fibra \u00f3ptica, network, etc. DESDE 2007 NO MERCADO, DESEJAMOS APRESENTAR O QUE H\u00c1 DE MAIS NOVO EM TECNOLOGIA, DESTACANDO NOSSOS VALORES Compromisso com atendimento \u00e0s demandas do universo da inform\u00e1tica, mantendo um relacionamento s\u00f3lido com &hellip;<\/p>\n<p class=\"read-more\"> <a class=\" thunk-readmore button \" href=\"https:\/\/infomacrio.com.br\/index.php\/quem-somos\/\"> <span class=\"screen-reader-text\">Quem Somos<\/span>Read More<\/a><\/p>\n","protected":false},"author":1,"featured_media":0,"parent":0,"menu_order":0,"comment_status":"closed","ping_status":"closed","template":"","meta":{"om_disable_all_campaigns":false,"_monsterinsights_skip_tracking":false,"_monsterinsights_sitenote_active":false,"_monsterinsights_sitenote_note":"","_monsterinsights_sitenote_category":0,"footnotes":""},"class_list":["post-481","page","type-page","status-publish","hentry","thunk-woo-product-list","big-store-woo-hover-zoom","open-single-product-tab-horizontal","open-shadow-","open-shadow-hover-"],"aioseo_notices":[],"_links":{"self":[{"href":"https:\/\/infomacrio.com.br\/index.php\/wp-json\/wp\/v2\/pages\/481","targetHints":{"allow":["GET"]}}],"collection":[{"href":"https:\/\/infomacrio.com.br\/index.php\/wp-json\/wp\/v2\/pages"}],"about":[{"href":"https:\/\/infomacrio.com.br\/index.php\/wp-json\/wp\/v2\/types\/page"}],"author":[{"embeddable":true,"href":"https:\/\/infomacrio.com.br\/index.php\/wp-json\/wp\/v2\/users\/1"}],"replies":[{"embeddable":true,"href":"https:\/\/infomacrio.com.br\/index.php\/wp-json\/wp\/v2\/comments?post=481"}],"version-history":[{"count":4,"href":"https:\/\/infomacrio.com.br\/index.php\/wp-json\/wp\/v2\/pages\/481\/revisions"}],"predecessor-version":[{"id":10156,"href":"https:\/\/infomacrio.com.br\/index.php\/wp-json\/wp\/v2\/pages\/481\/revisions\/10156"}],"wp:attachment":[{"href":"https:\/\/infomacrio.com.br\/index.php\/wp-json\/wp\/v2\/media?parent=481"}],"curies":[{"name":"wp","href":"https:\/\/api.w.org\/{rel}","templated":true}]}}